{"id":164,"date":"2026-03-24T12:56:14","date_gmt":"2026-03-24T11:56:14","guid":{"rendered":"https:\/\/notjustamat.com\/cookies\/"},"modified":"2026-03-27T09:24:57","modified_gmt":"2026-03-27T08:24:57","slug":"cookies","status":"publish","type":"page","link":"https:\/\/notjustamat.com\/fr\/cookies\/","title":{"rendered":"Cookies"},"content":{"rendered":"<div class=\"et_pb_section_0 et_pb_section et_section_regular et_block_section\">\n<div class=\"et_pb_row_0 et_pb_row et_block_row\">\n<div class=\"et_pb_column_0 et_pb_column et_pb_column_4_4 et-last-child et_block_column et_pb_css_mix_blend_mode_passthrough\">\n<div class=\"et_pb_text_0 et_pb_text et_pb_bg_layout_light et_animated et_pb_module et_block_module\"><div class=\"et_pb_text_inner\" data-et-mv-hidden-phone=\"true\"><h1>Cookies<\/h1>\n<\/div><\/div>\n<\/div>\n<\/div>\n<\/div>\n\n<div class=\"et_pb_section_1 et_pb_section et_section_regular et_block_section section_has_divider et_pb_top_divider et_pb_bottom_divider\"><div class=\"et_pb_top_inside_divider et-no-transition\"><\/div>\n<div class=\"et_pb_row_1 et_pb_row et_block_row\">\n<div class=\"et_pb_column_1 et_pb_column et_pb_column_4_4 et-last-child et_block_column et_pb_css_mix_blend_mode_passthrough\">\n<div class=\"et_pb_text_1 et_pb_text et_pb_bg_layout_light et_pb_module et_block_module\"><div class=\"et_pb_text_inner\"><p>Nous utilisons des cookies pour garantir le bon fonctionnement du site, analyser le trafic, soutenir les activit\u00e9s marketing et fournir du contenu personnalis\u00e9.<\/p>\n<h2>Que sont les cookies ?<\/h2>\n<p>Les cookies sont de petits fichiers texte stock\u00e9s sur votre appareil lorsque vous visitez un site web. Ils permettent au site de reconna\u00eetre votre appareil et de m\u00e9moriser certaines informations relatives \u00e0 votre visite.<\/p>\n<h2>Quels types de cookies utilisons-nous ?<\/h2>\n<ul>\n<li><strong>Fonctionnel<\/strong><br \/>Garantissent le bon fonctionnement du site, en permettant des fonctionnalit\u00e9s essentielles telles que la connexion, la navigation et les int\u00e9grations principales.<\/li>\n<li><strong>Analytics<\/strong><br \/>Collecte des donn\u00e9es sur le comportement des visiteurs afin de mesurer les performances, suivre le trafic et am\u00e9liorer le fonctionnement du site.<\/li>\n<li><strong>Marketing<\/strong><br \/>Soutient les activit\u00e9s publicitaires et promotionnelles, aidant les propri\u00e9taires du site \u00e0 atteindre et \u00e0 engager efficacement leur audience.<\/li>\n<li><strong>Personnalisation<\/strong><br \/>Permet d\u2019adapter le contenu et les recommandations \u00e0 chaque utilisateur pour offrir une exp\u00e9rience meilleure et plus pertinente.<\/li>\n<\/ul>\n<h2 id=\"externalSettingsBtn\" style=\"cursor: pointer; padding-bottom: 0;\">\u279c Param\u00e8tres<\/h2>\n<\/div><\/div>\n<\/div>\n<\/div>\n<div class=\"et_pb_bottom_inside_divider et-no-transition\"><\/div><\/div>","protected":false},"excerpt":{"rendered":"","protected":false},"author":1,"featured_media":0,"parent":0,"menu_order":0,"comment_status":"closed","ping_status":"closed","template":"","meta":{"footnotes":""},"class_list":["post-164","page","type-page","status-publish","hentry"],"yoast_head":"<!-- This site is optimized with the Yoast SEO plugin v27.4 - https:\/\/yoast.com\/product\/yoast-seo-wordpress\/ -->\n<title>Cookies | Not Just A Mat<\/title>\n<meta name=\"robots\" content=\"noindex, nofollow\" \/>\n<meta property=\"og:locale\" content=\"fr_FR\" \/>\n<meta property=\"og:type\" content=\"article\" \/>\n<meta property=\"og:title\" content=\"Cookies | Not Just A Mat\" \/>\n<meta property=\"og:url\" content=\"https:\/\/notjustamat.com\/fr\/cookies\/\" \/>\n<meta property=\"og:site_name\" content=\"Not Just A Mat\" \/>\n<meta property=\"article:modified_time\" content=\"2026-03-27T08:24:57+00:00\" \/>\n<meta name=\"twitter:card\" content=\"summary_large_image\" \/>\n<script type=\"application\/ld+json\" class=\"yoast-schema-graph\">{\"@context\":\"https:\\\/\\\/schema.org\",\"@graph\":[{\"@type\":\"WebPage\",\"@id\":\"https:\\\/\\\/notjustamat.com\\\/fr\\\/cookies\\\/\",\"url\":\"https:\\\/\\\/notjustamat.com\\\/fr\\\/cookies\\\/\",\"name\":\"Cookies | Not Just A Mat\",\"isPartOf\":{\"@id\":\"https:\\\/\\\/notjustamat.com\\\/fr\\\/#website\"},\"datePublished\":\"2026-03-24T11:56:14+00:00\",\"dateModified\":\"2026-03-27T08:24:57+00:00\",\"breadcrumb\":{\"@id\":\"https:\\\/\\\/notjustamat.com\\\/fr\\\/cookies\\\/#breadcrumb\"},\"inLanguage\":\"fr-FR\",\"potentialAction\":[{\"@type\":\"ReadAction\",\"target\":[\"https:\\\/\\\/notjustamat.com\\\/fr\\\/cookies\\\/\"]}]},{\"@type\":\"BreadcrumbList\",\"@id\":\"https:\\\/\\\/notjustamat.com\\\/fr\\\/cookies\\\/#breadcrumb\",\"itemListElement\":[{\"@type\":\"ListItem\",\"position\":1,\"name\":\"Home\",\"item\":\"https:\\\/\\\/notjustamat.com\\\/fr\\\/\"},{\"@type\":\"ListItem\",\"position\":2,\"name\":\"Cookies\"}]},{\"@type\":\"WebSite\",\"@id\":\"https:\\\/\\\/notjustamat.com\\\/fr\\\/#website\",\"url\":\"https:\\\/\\\/notjustamat.com\\\/fr\\\/\",\"name\":\"Not Just A Mat\",\"description\":\"Step into Joy\",\"potentialAction\":[{\"@type\":\"SearchAction\",\"target\":{\"@type\":\"EntryPoint\",\"urlTemplate\":\"https:\\\/\\\/notjustamat.com\\\/fr\\\/?s={search_term_string}\"},\"query-input\":{\"@type\":\"PropertyValueSpecification\",\"valueRequired\":true,\"valueName\":\"search_term_string\"}}],\"inLanguage\":\"fr-FR\"}]}<\/script>\n<!-- \/ Yoast SEO plugin. -->","yoast_head_json":{"title":"Cookies | Not Just A Mat","robots":{"index":"noindex","follow":"nofollow"},"og_locale":"fr_FR","og_type":"article","og_title":"Cookies | Not Just A Mat","og_url":"https:\/\/notjustamat.com\/fr\/cookies\/","og_site_name":"Not Just A Mat","article_modified_time":"2026-03-27T08:24:57+00:00","twitter_card":"summary_large_image","schema":{"@context":"https:\/\/schema.org","@graph":[{"@type":"WebPage","@id":"https:\/\/notjustamat.com\/fr\/cookies\/","url":"https:\/\/notjustamat.com\/fr\/cookies\/","name":"Cookies | Not Just A Mat","isPartOf":{"@id":"https:\/\/notjustamat.com\/fr\/#website"},"datePublished":"2026-03-24T11:56:14+00:00","dateModified":"2026-03-27T08:24:57+00:00","breadcrumb":{"@id":"https:\/\/notjustamat.com\/fr\/cookies\/#breadcrumb"},"inLanguage":"fr-FR","potentialAction":[{"@type":"ReadAction","target":["https:\/\/notjustamat.com\/fr\/cookies\/"]}]},{"@type":"BreadcrumbList","@id":"https:\/\/notjustamat.com\/fr\/cookies\/#breadcrumb","itemListElement":[{"@type":"ListItem","position":1,"name":"Home","item":"https:\/\/notjustamat.com\/fr\/"},{"@type":"ListItem","position":2,"name":"Cookies"}]},{"@type":"WebSite","@id":"https:\/\/notjustamat.com\/fr\/#website","url":"https:\/\/notjustamat.com\/fr\/","name":"Not Just A Mat","description":"Step into Joy","potentialAction":[{"@type":"SearchAction","target":{"@type":"EntryPoint","urlTemplate":"https:\/\/notjustamat.com\/fr\/?s={search_term_string}"},"query-input":{"@type":"PropertyValueSpecification","valueRequired":true,"valueName":"search_term_string"}}],"inLanguage":"fr-FR"}]}},"_links":{"self":[{"href":"https:\/\/notjustamat.com\/fr\/wp-json\/wp\/v2\/pages\/164","targetHints":{"allow":["GET"]}}],"collection":[{"href":"https:\/\/notjustamat.com\/fr\/wp-json\/wp\/v2\/pages"}],"about":[{"href":"https:\/\/notjustamat.com\/fr\/wp-json\/wp\/v2\/types\/page"}],"author":[{"embeddable":true,"href":"https:\/\/notjustamat.com\/fr\/wp-json\/wp\/v2\/users\/1"}],"replies":[{"embeddable":true,"href":"https:\/\/notjustamat.com\/fr\/wp-json\/wp\/v2\/comments?post=164"}],"version-history":[{"count":5,"href":"https:\/\/notjustamat.com\/fr\/wp-json\/wp\/v2\/pages\/164\/revisions"}],"predecessor-version":[{"id":274,"href":"https:\/\/notjustamat.com\/fr\/wp-json\/wp\/v2\/pages\/164\/revisions\/274"}],"wp:attachment":[{"href":"https:\/\/notjustamat.com\/fr\/wp-json\/wp\/v2\/media?parent=164"}],"curies":[{"name":"wp","href":"https:\/\/api.w.org\/{rel}","templated":true}]}}