{"id":168,"date":"2026-03-24T12:57:18","date_gmt":"2026-03-24T11:57:18","guid":{"rendered":"https:\/\/notjustamat.com\/disclaimer\/"},"modified":"2026-03-30T06:38:18","modified_gmt":"2026-03-30T05:38:18","slug":"mentions-legales","status":"publish","type":"page","link":"https:\/\/notjustamat.com\/fr\/mentions-legales\/","title":{"rendered":"Mentions l\u00e9gales"},"content":{"rendered":"<div class=\"et_pb_section_0 et_pb_section et_section_regular et_block_section\">\n<div class=\"et_pb_row_0 et_pb_row et_block_row\">\n<div class=\"et_pb_column_0 et_pb_column et_pb_column_4_4 et-last-child et_block_column et_pb_css_mix_blend_mode_passthrough\">\n<div class=\"et_pb_text_0 et_pb_text et_pb_bg_layout_light et_animated et_pb_module et_block_module\"><div class=\"et_pb_text_inner\" data-et-mv-hidden-phone=\"true\"><h1>Mentions<br \/>l\u00e9gales<\/h1>\n<\/div><\/div>\n<\/div>\n<\/div>\n<\/div>\n\n<div class=\"et_pb_section_1 et_pb_section et_section_regular et_block_section section_has_divider et_pb_top_divider et_pb_bottom_divider\"><div class=\"et_pb_top_inside_divider et-no-transition\"><\/div>\n<div class=\"et_pb_row_1 et_pb_row et_block_row\">\n<div class=\"et_pb_column_1 et_pb_column et_pb_column_4_4 et-last-child et_block_column et_pb_css_mix_blend_mode_passthrough\">\n<div class=\"et_pb_text_1 et_pb_text et_pb_bg_layout_light et_pb_module et_block_module\"><div class=\"et_pb_text_inner\"><h2>Informations g\u00e9n\u00e9rales<\/h2>\n<p>Les informations fournies par <strong>Not Just A Mat<\/strong>\u00a0(\u00ab nous \u00bb, \u00ab notre \u00bb ou \u00ab nos \u00bb) sur <strong>notjustamat.com<\/strong> (le \u00ab Site web \u00bb) sont destin\u00e9es \u00e0 des fins d\u2019information g\u00e9n\u00e9rale uniquement. Tout le contenu, y compris les textes, graphiques, images et informations disponibles sur ou via ce Site web, est fourni \u00ab en l\u2019\u00e9tat \u00bb et \u00ab selon la disponibilit\u00e9 \u00bb, sans garantie d\u2019aucune sorte, expresse ou implicite.<\/p>\n<h2>Aucun conseil professionnel<\/h2>\n<p>Les informations figurant sur ce Site web et dans notre infolettre sont fournies par un professionnel qualifi\u00e9 \u00e0 des fins d\u2019information g\u00e9n\u00e9rale uniquement et <strong>ne constituent pas des conseils juridiques, financiers, marketing ou autres conseils professionnels personnalis\u00e9s<\/strong>. Les conseils sont de nature g\u00e9n\u00e9rale et peuvent ne pas \u00eatre adapt\u00e9s \u00e0 votre situation sp\u00e9cifique.<\/p>\n<h2>Limitation de responsabilit\u00e9<\/h2>\n<p>Dans toute la mesure permise par la loi, <strong>Smashing The Day SComm<\/strong> ne pourra \u00eatre tenue responsable de tout dommage direct, indirect, accessoire, cons\u00e9cutif ou sp\u00e9cial d\u00e9coulant de ou li\u00e9 \u00e0 votre utilisation du Site web, y compris, mais sans s\u2019y limiter, la perte de donn\u00e9es, de profits ou d\u2019opportunit\u00e9s commerciales. Cela inclut toute erreur ou omission dans le contenu ou toute perte ou dommage r\u00e9sultant de l\u2019utilisation de tout contenu publi\u00e9 sur le Site web ou rendu disponible par son interm\u00e9diaire.<\/p>\n<h2>Liens vers des tiers<\/h2>\n<p>Notre Site web peut contenir des liens vers des sites web externes qui ne sont ni fournis ni g\u00e9r\u00e9s par nous. Nous ne garantissons pas l'exactitude, la pertinence, l'actualit\u00e9 ou l'exhaustivit\u00e9 des informations figurant sur ces sites web tiers. Nous ne sommes pas responsables du contenu, des pratiques de confidentialit\u00e9 ou de la disponibilit\u00e9 de ces sites externes.<\/p>\n<h2>Propri\u00e9t\u00e9 intellectuelle<\/h2>\n<p>Tout le contenu de ce Site web \u2014 y compris, mais sans s\u2019y limiter, les textes, graphiques, logos, images et codes \u2014 est la propri\u00e9t\u00e9 intellectuelle de <strong>Not Just A Mat<\/strong>, sauf indication contraire. L'utilisation, la reproduction ou la distribution non autoris\u00e9e de tout mat\u00e9riel est strictement interdite.<\/p>\n<h2>Confidentialit\u00e9 et donn\u00e9es<\/h2>\n<p>Votre utilisation de ce Site web est \u00e9galement soumise \u00e0 notre Politique de confidentialit\u00e9. Nous nous engageons \u00e0 prot\u00e9ger vos donn\u00e9es personnelles conform\u00e9ment aux r\u00e9glementations applicables en mati\u00e8re de protection des donn\u00e9es, y compris le R\u00e8glement g\u00e9n\u00e9ral sur la protection des donn\u00e9es (RGPD). En utilisant ce Site web, vous consentez \u00e0 un tel traitement conform\u00e9ment \u00e0 notre <a href=\"https:\/\/notjustamat.com\/fr\/vie-privee\/\">d\u00e9claration de vie priv\u00e9e<\/a>. Vous pouvez exercer vos droits au titre du RGPD en nous contactant \u00e0 l\u2019adresse <a href=\"mailto:christophe@notjustamat.com\">christophe@notjustamat.com<\/a>.<\/p>\n<h2>Modifications du pr\u00e9sent avertissement<\/h2>\n<p>Nous nous r\u00e9servons le droit de modifier cet avis de non-responsabilit\u00e9 \u00e0 tout moment. Les modifications entreront en vigueur imm\u00e9diatement apr\u00e8s leur publication sur ce Site web. Nous vous encourageons \u00e0 consulter r\u00e9guli\u00e8rement cette clause de non-responsabilit\u00e9.<\/p>\n<h2>Droit applicable<\/h2>\n<p>La pr\u00e9sente clause de non-responsabilit\u00e9 et votre utilisation du Site web sont r\u00e9gies et interpr\u00e9t\u00e9es conform\u00e9ment aux lois de la Belgique.<\/p>\n<\/div><\/div>\n<\/div>\n<\/div>\n<div class=\"et_pb_bottom_inside_divider et-no-transition\"><\/div><\/div>","protected":false},"excerpt":{"rendered":"","protected":false},"author":1,"featured_media":0,"parent":0,"menu_order":0,"comment_status":"closed","ping_status":"closed","template":"","meta":{"footnotes":""},"class_list":["post-168","page","type-page","status-publish","hentry"],"yoast_head":"<!-- This site is optimized with the Yoast SEO plugin v27.4 - https:\/\/yoast.com\/product\/yoast-seo-wordpress\/ -->\n<title>Mentions l\u00e9gales | Not Just A Mat<\/title>\n<meta name=\"robots\" content=\"noindex, nofollow\" \/>\n<meta property=\"og:locale\" content=\"fr_FR\" \/>\n<meta property=\"og:type\" content=\"article\" \/>\n<meta property=\"og:title\" content=\"Mentions l\u00e9gales | Not Just A Mat\" \/>\n<meta property=\"og:url\" content=\"https:\/\/notjustamat.com\/fr\/mentions-legales\/\" \/>\n<meta property=\"og:site_name\" content=\"Not Just A Mat\" \/>\n<meta property=\"article:modified_time\" content=\"2026-03-30T05:38:18+00:00\" \/>\n<meta name=\"twitter:card\" content=\"summary_large_image\" \/>\n<script type=\"application\/ld+json\" class=\"yoast-schema-graph\">{\"@context\":\"https:\\\/\\\/schema.org\",\"@graph\":[{\"@type\":\"WebPage\",\"@id\":\"https:\\\/\\\/notjustamat.com\\\/fr\\\/mentions-legales\\\/\",\"url\":\"https:\\\/\\\/notjustamat.com\\\/fr\\\/mentions-legales\\\/\",\"name\":\"Mentions l\u00e9gales | Not Just A Mat\",\"isPartOf\":{\"@id\":\"https:\\\/\\\/notjustamat.com\\\/fr\\\/#website\"},\"datePublished\":\"2026-03-24T11:57:18+00:00\",\"dateModified\":\"2026-03-30T05:38:18+00:00\",\"breadcrumb\":{\"@id\":\"https:\\\/\\\/notjustamat.com\\\/fr\\\/mentions-legales\\\/#breadcrumb\"},\"inLanguage\":\"fr-FR\",\"potentialAction\":[{\"@type\":\"ReadAction\",\"target\":[\"https:\\\/\\\/notjustamat.com\\\/fr\\\/mentions-legales\\\/\"]}]},{\"@type\":\"BreadcrumbList\",\"@id\":\"https:\\\/\\\/notjustamat.com\\\/fr\\\/mentions-legales\\\/#breadcrumb\",\"itemListElement\":[{\"@type\":\"ListItem\",\"position\":1,\"name\":\"Home\",\"item\":\"https:\\\/\\\/notjustamat.com\\\/fr\\\/\"},{\"@type\":\"ListItem\",\"position\":2,\"name\":\"Mentions l\u00e9gales\"}]},{\"@type\":\"WebSite\",\"@id\":\"https:\\\/\\\/notjustamat.com\\\/fr\\\/#website\",\"url\":\"https:\\\/\\\/notjustamat.com\\\/fr\\\/\",\"name\":\"Not Just A Mat\",\"description\":\"Step into Joy\",\"potentialAction\":[{\"@type\":\"SearchAction\",\"target\":{\"@type\":\"EntryPoint\",\"urlTemplate\":\"https:\\\/\\\/notjustamat.com\\\/fr\\\/?s={search_term_string}\"},\"query-input\":{\"@type\":\"PropertyValueSpecification\",\"valueRequired\":true,\"valueName\":\"search_term_string\"}}],\"inLanguage\":\"fr-FR\"}]}<\/script>\n<!-- \/ Yoast SEO plugin. -->","yoast_head_json":{"title":"Mentions l\u00e9gales | Not Just A Mat","robots":{"index":"noindex","follow":"nofollow"},"og_locale":"fr_FR","og_type":"article","og_title":"Mentions l\u00e9gales | Not Just A Mat","og_url":"https:\/\/notjustamat.com\/fr\/mentions-legales\/","og_site_name":"Not Just A Mat","article_modified_time":"2026-03-30T05:38:18+00:00","twitter_card":"summary_large_image","schema":{"@context":"https:\/\/schema.org","@graph":[{"@type":"WebPage","@id":"https:\/\/notjustamat.com\/fr\/mentions-legales\/","url":"https:\/\/notjustamat.com\/fr\/mentions-legales\/","name":"Mentions l\u00e9gales | Not Just A Mat","isPartOf":{"@id":"https:\/\/notjustamat.com\/fr\/#website"},"datePublished":"2026-03-24T11:57:18+00:00","dateModified":"2026-03-30T05:38:18+00:00","breadcrumb":{"@id":"https:\/\/notjustamat.com\/fr\/mentions-legales\/#breadcrumb"},"inLanguage":"fr-FR","potentialAction":[{"@type":"ReadAction","target":["https:\/\/notjustamat.com\/fr\/mentions-legales\/"]}]},{"@type":"BreadcrumbList","@id":"https:\/\/notjustamat.com\/fr\/mentions-legales\/#breadcrumb","itemListElement":[{"@type":"ListItem","position":1,"name":"Home","item":"https:\/\/notjustamat.com\/fr\/"},{"@type":"ListItem","position":2,"name":"Mentions l\u00e9gales"}]},{"@type":"WebSite","@id":"https:\/\/notjustamat.com\/fr\/#website","url":"https:\/\/notjustamat.com\/fr\/","name":"Not Just A Mat","description":"Step into Joy","potentialAction":[{"@type":"SearchAction","target":{"@type":"EntryPoint","urlTemplate":"https:\/\/notjustamat.com\/fr\/?s={search_term_string}"},"query-input":{"@type":"PropertyValueSpecification","valueRequired":true,"valueName":"search_term_string"}}],"inLanguage":"fr-FR"}]}},"_links":{"self":[{"href":"https:\/\/notjustamat.com\/fr\/wp-json\/wp\/v2\/pages\/168","targetHints":{"allow":["GET"]}}],"collection":[{"href":"https:\/\/notjustamat.com\/fr\/wp-json\/wp\/v2\/pages"}],"about":[{"href":"https:\/\/notjustamat.com\/fr\/wp-json\/wp\/v2\/types\/page"}],"author":[{"embeddable":true,"href":"https:\/\/notjustamat.com\/fr\/wp-json\/wp\/v2\/users\/1"}],"replies":[{"embeddable":true,"href":"https:\/\/notjustamat.com\/fr\/wp-json\/wp\/v2\/comments?post=168"}],"version-history":[{"count":13,"href":"https:\/\/notjustamat.com\/fr\/wp-json\/wp\/v2\/pages\/168\/revisions"}],"predecessor-version":[{"id":380,"href":"https:\/\/notjustamat.com\/fr\/wp-json\/wp\/v2\/pages\/168\/revisions\/380"}],"wp:attachment":[{"href":"https:\/\/notjustamat.com\/fr\/wp-json\/wp\/v2\/media?parent=168"}],"curies":[{"name":"wp","href":"https:\/\/api.w.org\/{rel}","templated":true}]}}