{"id":174,"date":"2026-03-24T12:56:38","date_gmt":"2026-03-24T11:56:38","guid":{"rendered":"https:\/\/notjustamat.com\/privacy\/"},"modified":"2026-03-30T06:36:39","modified_gmt":"2026-03-30T05:36:39","slug":"vie-privee","status":"publish","type":"page","link":"https:\/\/notjustamat.com\/fr\/vie-privee\/","title":{"rendered":"Vie priv\u00e9e"},"content":{"rendered":"<div class=\"et_pb_section_0 et_pb_section et_section_regular et_block_section\">\n<div class=\"et_pb_row_0 et_pb_row et_block_row\">\n<div class=\"et_pb_column_0 et_pb_column et_pb_column_4_4 et-last-child et_block_column et_pb_css_mix_blend_mode_passthrough\">\n<div class=\"et_pb_text_0 et_pb_text et_pb_bg_layout_light et_animated et_pb_module et_block_module\"><div class=\"et_pb_text_inner\"><h1>Vie priv\u00e9e<\/h1>\n<\/div><\/div>\n<\/div>\n<\/div>\n<\/div>\n\n<div class=\"et_pb_section_1 et_pb_section et_section_regular et_block_section section_has_divider et_pb_top_divider et_pb_bottom_divider\"><div class=\"et_pb_top_inside_divider et-no-transition\"><\/div>\n<div class=\"et_pb_row_1 et_pb_row et_block_row\">\n<div class=\"et_pb_column_1 et_pb_column et_pb_column_4_4 et-last-child et_block_column et_pb_css_mix_blend_mode_passthrough\">\n<div class=\"et_pb_text_1 et_pb_text et_pb_bg_layout_light et_pb_module et_block_module\"><div class=\"et_pb_text_inner\"><h2>Qui nous sommes ?<\/h2>\n<p>Le responsable du traitement des donn\u00e9es personnelles collect\u00e9es via ce site web est <strong>Christophe Thues, exer\u00e7ant sous le nom de Not Just A Mat<\/strong>. Contact : <a href=\"mailto:christophe@notjustamat.com\">christophe@notjustamat.com<\/a>.<\/p>\n<h2>Quelles donn\u00e9es nous collectons ?<\/h2>\n<ul>\n<li class=\"p1\">Nom<\/li>\n<li class=\"p1\">Soci\u00e9t\u00e9<\/li>\n<li class=\"p1\">E-mail<\/li>\n<li class=\"p1\">Mobile<\/li>\n<li class=\"p1\">Adresse IP<\/li>\n<li>Cookies<\/li>\n<\/ul>\n<h2>Finalit\u00e9 et base l\u00e9gale<\/h2>\n<ul>\n<li>Vous contacter et r\u00e9pondre \u00e0 vos demandes<\/li>\n<li>Analyser l\u2019utilisation du site web et am\u00e9liorer nos services<\/li>\n<\/ul>\n<h2>Conservation des donn\u00e9es<\/h2>\n<p>Les donn\u00e9es personnelles ne sont conserv\u00e9es que pendant la dur\u00e9e n\u00e9cessaire aux finalit\u00e9s pour lesquelles elles ont \u00e9t\u00e9 collect\u00e9es, g\u00e9n\u00e9ralement <strong>pas plus de 2 ans<\/strong> apr\u00e8s la derni\u00e8re interaction, sauf obligation l\u00e9gale contraire.<\/p>\n<h2>S\u00e9curit\u00e9<\/h2>\n<p>Nous mettons en \u0153uvre des mesures de protection administratives, techniques et physiques afin de prot\u00e9ger les donn\u00e9es personnelles contre tout acc\u00e8s, divulgation, alt\u00e9ration ou destruction non autoris\u00e9s.<\/p>\n<p>Ce site est prot\u00e9g\u00e9 par reCAPTCHA et la <a href=\"https:\/\/policies.google.com\/privacy?hl=fr\" target=\"_blank\" rel=\"noopener\">Vie priv\u00e9e <\/a>et les <a href=\"https:\/\/policies.google.com\/terms?hl=fr\" target=\"_blank\" rel=\"noopener\">Conditions d\u2019utilisation<\/a> de Google s\u2019appliquent.<\/p>\n<h2>Vos droits en vertu du RGPD<\/h2>\n<p>Vous avez le droit de :<\/p>\n<ul>\n<li>Acc\u00e9der \u00e0 vos donn\u00e9es personnelles<\/li>\n<li>Rectifier les donn\u00e9es inexactes<\/li>\n<li>Supprimer vos donn\u00e9es<\/li>\n<li>Limiter le traitement<\/li>\n<li>Portabilit\u00e9 des donn\u00e9es<\/li>\n<li>Vous opposer au traitement<\/li>\n<li>D\u00e9poser une plainte aupr\u00e8s d\u2019une autorit\u00e9 de contr\u00f4le<\/li>\n<\/ul>\n<p>Pour exercer vos droits, contactez : <a href=\"mailto:christophe@notjustamat.com\">christophe@notjustamat.com<\/a><\/p>\n<h2>Cookies<\/h2>\n<p>Nous utilisons des cookies pour garantir le bon fonctionnement du site, analyser le trafic, soutenir les activit\u00e9s marketing et fournir du contenu personnalis\u00e9.<\/p>\n<p id=\"externalSettingsBtn\" style=\"cursor: pointer; padding-bottom: 0;\">\u279c <strong>Param\u00e8tres<\/strong><\/p>\n<\/div><\/div>\n<\/div>\n<\/div>\n<div class=\"et_pb_bottom_inside_divider et-no-transition\"><\/div><\/div>","protected":false},"excerpt":{"rendered":"","protected":false},"author":1,"featured_media":0,"parent":0,"menu_order":0,"comment_status":"closed","ping_status":"closed","template":"","meta":{"footnotes":""},"class_list":["post-174","page","type-page","status-publish","hentry"],"yoast_head":"<!-- This site is optimized with the Yoast SEO plugin v27.4 - https:\/\/yoast.com\/product\/yoast-seo-wordpress\/ -->\n<title>Vie priv\u00e9e | Not Just A Mat<\/title>\n<meta name=\"robots\" content=\"noindex, nofollow\" \/>\n<meta property=\"og:locale\" content=\"fr_FR\" \/>\n<meta property=\"og:type\" content=\"article\" \/>\n<meta property=\"og:title\" content=\"Vie priv\u00e9e | Not Just A Mat\" \/>\n<meta property=\"og:url\" content=\"https:\/\/notjustamat.com\/fr\/vie-privee\/\" \/>\n<meta property=\"og:site_name\" content=\"Not Just A Mat\" \/>\n<meta property=\"article:modified_time\" content=\"2026-03-30T05:36:39+00:00\" \/>\n<meta name=\"twitter:card\" content=\"summary_large_image\" \/>\n<script type=\"application\/ld+json\" class=\"yoast-schema-graph\">{\"@context\":\"https:\\\/\\\/schema.org\",\"@graph\":[{\"@type\":\"WebPage\",\"@id\":\"https:\\\/\\\/notjustamat.com\\\/fr\\\/vie-privee\\\/\",\"url\":\"https:\\\/\\\/notjustamat.com\\\/fr\\\/vie-privee\\\/\",\"name\":\"Vie priv\u00e9e | Not Just A Mat\",\"isPartOf\":{\"@id\":\"https:\\\/\\\/notjustamat.com\\\/fr\\\/#website\"},\"datePublished\":\"2026-03-24T11:56:38+00:00\",\"dateModified\":\"2026-03-30T05:36:39+00:00\",\"breadcrumb\":{\"@id\":\"https:\\\/\\\/notjustamat.com\\\/fr\\\/vie-privee\\\/#breadcrumb\"},\"inLanguage\":\"fr-FR\",\"potentialAction\":[{\"@type\":\"ReadAction\",\"target\":[\"https:\\\/\\\/notjustamat.com\\\/fr\\\/vie-privee\\\/\"]}]},{\"@type\":\"BreadcrumbList\",\"@id\":\"https:\\\/\\\/notjustamat.com\\\/fr\\\/vie-privee\\\/#breadcrumb\",\"itemListElement\":[{\"@type\":\"ListItem\",\"position\":1,\"name\":\"Home\",\"item\":\"https:\\\/\\\/notjustamat.com\\\/fr\\\/\"},{\"@type\":\"ListItem\",\"position\":2,\"name\":\"Vie priv\u00e9e\"}]},{\"@type\":\"WebSite\",\"@id\":\"https:\\\/\\\/notjustamat.com\\\/fr\\\/#website\",\"url\":\"https:\\\/\\\/notjustamat.com\\\/fr\\\/\",\"name\":\"Not Just A Mat\",\"description\":\"Step into Joy\",\"potentialAction\":[{\"@type\":\"SearchAction\",\"target\":{\"@type\":\"EntryPoint\",\"urlTemplate\":\"https:\\\/\\\/notjustamat.com\\\/fr\\\/?s={search_term_string}\"},\"query-input\":{\"@type\":\"PropertyValueSpecification\",\"valueRequired\":true,\"valueName\":\"search_term_string\"}}],\"inLanguage\":\"fr-FR\"}]}<\/script>\n<!-- \/ Yoast SEO plugin. -->","yoast_head_json":{"title":"Vie priv\u00e9e | Not Just A Mat","robots":{"index":"noindex","follow":"nofollow"},"og_locale":"fr_FR","og_type":"article","og_title":"Vie priv\u00e9e | Not Just A Mat","og_url":"https:\/\/notjustamat.com\/fr\/vie-privee\/","og_site_name":"Not Just A Mat","article_modified_time":"2026-03-30T05:36:39+00:00","twitter_card":"summary_large_image","schema":{"@context":"https:\/\/schema.org","@graph":[{"@type":"WebPage","@id":"https:\/\/notjustamat.com\/fr\/vie-privee\/","url":"https:\/\/notjustamat.com\/fr\/vie-privee\/","name":"Vie priv\u00e9e | Not Just A Mat","isPartOf":{"@id":"https:\/\/notjustamat.com\/fr\/#website"},"datePublished":"2026-03-24T11:56:38+00:00","dateModified":"2026-03-30T05:36:39+00:00","breadcrumb":{"@id":"https:\/\/notjustamat.com\/fr\/vie-privee\/#breadcrumb"},"inLanguage":"fr-FR","potentialAction":[{"@type":"ReadAction","target":["https:\/\/notjustamat.com\/fr\/vie-privee\/"]}]},{"@type":"BreadcrumbList","@id":"https:\/\/notjustamat.com\/fr\/vie-privee\/#breadcrumb","itemListElement":[{"@type":"ListItem","position":1,"name":"Home","item":"https:\/\/notjustamat.com\/fr\/"},{"@type":"ListItem","position":2,"name":"Vie priv\u00e9e"}]},{"@type":"WebSite","@id":"https:\/\/notjustamat.com\/fr\/#website","url":"https:\/\/notjustamat.com\/fr\/","name":"Not Just A Mat","description":"Step into Joy","potentialAction":[{"@type":"SearchAction","target":{"@type":"EntryPoint","urlTemplate":"https:\/\/notjustamat.com\/fr\/?s={search_term_string}"},"query-input":{"@type":"PropertyValueSpecification","valueRequired":true,"valueName":"search_term_string"}}],"inLanguage":"fr-FR"}]}},"_links":{"self":[{"href":"https:\/\/notjustamat.com\/fr\/wp-json\/wp\/v2\/pages\/174","targetHints":{"allow":["GET"]}}],"collection":[{"href":"https:\/\/notjustamat.com\/fr\/wp-json\/wp\/v2\/pages"}],"about":[{"href":"https:\/\/notjustamat.com\/fr\/wp-json\/wp\/v2\/types\/page"}],"author":[{"embeddable":true,"href":"https:\/\/notjustamat.com\/fr\/wp-json\/wp\/v2\/users\/1"}],"replies":[{"embeddable":true,"href":"https:\/\/notjustamat.com\/fr\/wp-json\/wp\/v2\/comments?post=174"}],"version-history":[{"count":13,"href":"https:\/\/notjustamat.com\/fr\/wp-json\/wp\/v2\/pages\/174\/revisions"}],"predecessor-version":[{"id":379,"href":"https:\/\/notjustamat.com\/fr\/wp-json\/wp\/v2\/pages\/174\/revisions\/379"}],"wp:attachment":[{"href":"https:\/\/notjustamat.com\/fr\/wp-json\/wp\/v2\/media?parent=174"}],"curies":[{"name":"wp","href":"https:\/\/api.w.org\/{rel}","templated":true}]}}